{"id":3149,"date":"2022-07-05T09:49:27","date_gmt":"2022-07-05T09:49:27","guid":{"rendered":"https:\/\/ssb-hagen.de\/?page_id=3149"},"modified":"2024-06-04T09:14:01","modified_gmt":"2024-06-04T09:14:01","slug":"impressum-2","status":"publish","type":"page","link":"https:\/\/ssb-hagen.de\/index.php\/impressum-2\/","title":{"rendered":"Impressum"},"content":{"rendered":"\t\t<div data-elementor-type=\"wp-page\" data-elementor-id=\"3149\" class=\"elementor elementor-3149\" data-elementor-post-type=\"page\">\n\t\t\t\t\t\t<section class=\"elementor-section elementor-top-section elementor-element elementor-element-7ee93b8 elementor-section-height-min-height elementor-section-boxed elementor-section-height-default elementor-section-items-middle\" data-id=\"7ee93b8\" data-element_type=\"section\" data-e-type=\"section\" data-settings=\"{&quot;background_background&quot;:&quot;classic&quot;}\">\n\t\t\t\t\t\t\t<div class=\"elementor-background-overlay\"><\/div>\n\t\t\t\t\t\t\t<div class=\"elementor-container elementor-column-gap-no\">\n\t\t\t\t\t<div class=\"elementor-column elementor-col-100 elementor-top-column elementor-element elementor-element-94b14fb\" data-id=\"94b14fb\" data-element_type=\"column\" data-e-type=\"column\">\n\t\t\t<div class=\"elementor-widget-wrap elementor-element-populated\">\n\t\t\t\t\t\t<div class=\"elementor-element elementor-element-39670da elementor-widget elementor-widget-heading\" data-id=\"39670da\" data-element_type=\"widget\" data-e-type=\"widget\" data-widget_type=\"heading.default\">\n\t\t\t\t<div class=\"elementor-widget-container\">\n\t\t\t\t\t<h4 class=\"elementor-heading-title elementor-size-default\">Sport in Hagen<\/h4>\t\t\t\t<\/div>\n\t\t\t\t<\/div>\n\t\t\t\t<div class=\"elementor-element elementor-element-aec528e elementor-widget elementor-widget-text-editor\" data-id=\"aec528e\" data-element_type=\"widget\" data-e-type=\"widget\" data-widget_type=\"text-editor.default\">\n\t\t\t\t<div class=\"elementor-widget-container\">\n\t\t\t\t\t\t\t\t\t<h2>Impressum<\/h2>\t\t\t\t\t\t\t\t<\/div>\n\t\t\t\t<\/div>\n\t\t\t\t\t<\/div>\n\t\t<\/div>\n\t\t\t\t\t<\/div>\n\t\t<\/section>\n\t\t\t\t<section class=\"elementor-section elementor-top-section elementor-element elementor-element-5215e0a elementor-section-boxed elementor-section-height-default elementor-section-height-default\" data-id=\"5215e0a\" data-element_type=\"section\" data-e-type=\"section\">\n\t\t\t\t\t\t<div class=\"elementor-container elementor-column-gap-default\">\n\t\t\t\t\t<div class=\"elementor-column elementor-col-100 elementor-top-column elementor-element elementor-element-0ae904d\" data-id=\"0ae904d\" data-element_type=\"column\" data-e-type=\"column\">\n\t\t\t<div class=\"elementor-widget-wrap elementor-element-populated\">\n\t\t\t\t\t\t<div class=\"elementor-element elementor-element-3711fcd elementor-widget elementor-widget-text-editor\" data-id=\"3711fcd\" data-element_type=\"widget\" data-e-type=\"widget\" data-widget_type=\"text-editor.default\">\n\t\t\t\t<div class=\"elementor-widget-container\">\n\t\t\t\t\t\t\t\t\t<p><strong>Inhaltlich verantwortlich gem\u00e4\u00df \u00a75 TMG:<\/strong><br \/>Andr\u00e9 S\u00e4nger (Vorsitzender)<\/p><p><strong>Stadtsportbund Hagen e.V.<\/strong><br \/>Freiheitstra\u00dfe 3<br \/>D-58119 Hagen<br \/>Telefon: +49 2331-207-5107<br \/>Fax: +49 2334 &#8211; 4452195<br \/>E-Mail:\u00a0<a href=\"mailto:info@ssb-hagen.de\">info@ssb-hagen.de<br \/><\/a>Vereinsregisternummer: 827<br \/>Amtsgericht Hagen<br \/><a href=\"mailto:info@ssb-hagen.de\"><br \/><\/a><\/p><p><strong>Sportjugend im\u00a0Stadtsportbund Hagen<\/strong><br \/>Freiheitstra\u00dfe 3<br \/>D-58119 Hagen<br \/>Telefon: +49 2331-207-5109<\/p><p><strong>Haftungshinweis:<\/strong><br \/>Trotz sorgf\u00e4ltiger inhaltlicher Kontrolle \u00fcbernehmen wir keine Gew\u00e4hr f\u00fcr Vollst\u00e4ndigkeit, Aktualit\u00e4t und Richtigkeit der Inhalte dieser Website. Gleiches gilt insbesondere f\u00fcr die Inhalte externer Links. F\u00fcr die Inhalte der verlinkten Seiten sind ausschlie\u00dflich deren Betreiber verantwortlich.<\/p><p><strong>Konzeption und Umsetzung:<\/strong><\/p><p>standpunkt digital GmbH &amp; Co. KG<br \/>Chemnitzer Stra\u00dfe 20-22<br \/>44139 Dortmund<\/p><p>Tel.: +49 (0) 231 93 70 02 &#8211; 0<br \/><span style=\"color: var( --e-global-color-794d622 ); font-family: var( --e-global-typography-text-font-family ), Sans-serif; font-size: var( --e-global-typography-text-font-size ); font-weight: var( --e-global-typography-text-font-weight );\">E-Mail: info@standpunkt.com<\/span><\/p><p><a href=\"http:\/\/www.robin-nonnweiler.de\/\">\u00a0<\/a><strong style=\"color: var( --e-global-color-794d622 ); font-family: var( --e-global-typography-text-font-family ), Sans-serif; font-size: var( --e-global-typography-text-font-size );\">Bildnachweise:<\/strong><\/p><p>\u00a9 LSB NRW \/ Andrea Bowinkelmann<\/p><p>\u00a9 LSB NRW \/ Michael Stephan<\/p><p>\u00a9 LSB NRW \/ Mark Hermenau<\/p><p>\u00a9 LSB NRW \/Lutz Leitmann<\/p><p>\u00a9 LSB NRW \/ Michael Grosler<\/p><p><strong>Google Analytics<\/strong><br \/>Diese Website benutzt Google Analytics, einen Webanalysedienst der Google Inc. (Google). Google Analytics verwendet sog. Cookies, Textdateien, die auf Ihrem Computer gespeichert werden und die eine Analyse der Benutzung der Website durch Sie erm\u00f6glichen. Die durch den Cookie erzeugten Informationen \u00fcber Ihre Benutzung dieser Website (einschlie\u00dflich Ihrer IP-Adresse) wird an einen Server von Google in den USA \u00fcbertragen und dort gespeichert. Google wird diese Informationen benutzen, um Ihre Nutzung der Website auszuwerten, um Reports \u00fcber die Websiteaktivit\u00e4ten f\u00fcr die Websitebetreiber zusammenzustellen und um weitere mit der Websitenutzung und der Internetnutzung verbundene Dienstleistungen zu erbringen. Auch wird Google diese Informationen gegebenenfalls an Dritte \u00fcbertragen, sofern dies gesetzlich vorgeschrieben oder soweit Dritte diese Daten im Auftrag von Google verarbeiten. Google wird in keinem Fall Ihre IP-Adresse mit anderen Daten von Google in Verbindung bringen. Sie k\u00f6nnen die Installation der Cookies durch eine entsprechende Einstellung Ihrer Browser Software verhindern; wir weisen Sie jedoch darauf hin, dass Sie in diesem Fall gegebenenfalls nicht s\u00e4mtliche Funktionen dieser Website vollumf\u00e4nglich nutzen k\u00f6nnen. Durch die Nutzung dieser Website erkl\u00e4ren Sie sich mit der Bearbeitung der \u00fcber Sie erhobenen Daten durch Google in der zuvor beschriebenen Art und Weise und zu dem zuvor benannten Zweck einverstande<\/p>\t\t\t\t\t\t\t\t<\/div>\n\t\t\t\t<\/div>\n\t\t\t\t\t<\/div>\n\t\t<\/div>\n\t\t\t\t\t<\/div>\n\t\t<\/section>\n\t\t\t\t<\/div>\n\t\t","protected":false},"excerpt":{"rendered":"<p>Sport in Hagen Impressum Inhaltlich verantwortlich gem\u00e4\u00df \u00a75 TMG:Andr\u00e9 S\u00e4nger (Vorsitzender) Stadtsportbund Hagen e.V.Freiheitstra\u00dfe 3D-58119 HagenTelefon: +49 2331-207-5107Fax: +49 2334 &#8211; 4452195E-Mail:\u00a0info@ssb-hagen.deVereinsregisternummer: 827Amtsgericht Hagen Sportjugend im\u00a0Stadtsportbund HagenFreiheitstra\u00dfe 3D-58119 HagenTelefon: +49 [&hellip;]<\/p>\n","protected":false},"author":1,"featured_media":3236,"parent":0,"menu_order":0,"comment_status":"closed","ping_status":"closed","template":"elementor_header_footer","meta":{"_acf_changed":false,"footnotes":""},"class_list":["post-3149","page","type-page","status-publish","has-post-thumbnail","hentry"],"acf":[],"yoast_head":"<!-- This site is optimized with the Yoast SEO plugin v27.4 - https:\/\/yoast.com\/product\/yoast-seo-wordpress\/ -->\n<title>Impressum - Stadtsportbund Hagen<\/title>\n<meta name=\"robots\" content=\"index, follow, max-snippet:-1, max-image-preview:large, max-video-preview:-1\" \/>\n<link rel=\"canonical\" href=\"https:\/\/ssb-hagen.de\/index.php\/impressum-2\/\" \/>\n<meta property=\"og:locale\" content=\"de_DE\" \/>\n<meta property=\"og:type\" content=\"article\" \/>\n<meta property=\"og:title\" content=\"Impressum - Stadtsportbund Hagen\" \/>\n<meta property=\"og:description\" content=\"Sport in Hagen Impressum Inhaltlich verantwortlich gem\u00e4\u00df \u00a75 TMG:Andr\u00e9 S\u00e4nger (Vorsitzender) Stadtsportbund Hagen e.V.Freiheitstra\u00dfe 3D-58119 HagenTelefon: +49 2331-207-5107Fax: +49 2334 &#8211; 4452195E-Mail:\u00a0info@ssb-hagen.deVereinsregisternummer: 827Amtsgericht Hagen Sportjugend im\u00a0Stadtsportbund HagenFreiheitstra\u00dfe 3D-58119 HagenTelefon: +49 [&hellip;]\" \/>\n<meta property=\"og:url\" content=\"https:\/\/ssb-hagen.de\/index.php\/impressum-2\/\" \/>\n<meta property=\"og:site_name\" content=\"Stadtsportbund Hagen\" \/>\n<meta property=\"article:publisher\" content=\"https:\/\/www.facebook.com\/profile.php?id=100066611322930\" \/>\n<meta property=\"article:modified_time\" content=\"2024-06-04T09:14:01+00:00\" \/>\n<meta property=\"og:image\" content=\"https:\/\/ssb-hagen.de\/wp-content\/uploads\/2022\/07\/news-default.jpg\" \/>\n\t<meta property=\"og:image:width\" content=\"1024\" \/>\n\t<meta property=\"og:image:height\" content=\"768\" \/>\n\t<meta property=\"og:image:type\" content=\"image\/jpeg\" \/>\n<meta name=\"twitter:card\" content=\"summary_large_image\" \/>\n<meta name=\"twitter:label1\" content=\"Gesch\u00e4tzte Lesezeit\" \/>\n\t<meta name=\"twitter:data1\" content=\"2\u00a0Minuten\" \/>\n<script type=\"application\/ld+json\" class=\"yoast-schema-graph\">{\"@context\":\"https:\\\/\\\/schema.org\",\"@graph\":[{\"@type\":\"WebPage\",\"@id\":\"https:\\\/\\\/ssb-hagen.de\\\/index.php\\\/impressum-2\\\/\",\"url\":\"https:\\\/\\\/ssb-hagen.de\\\/index.php\\\/impressum-2\\\/\",\"name\":\"Impressum - Stadtsportbund Hagen\",\"isPartOf\":{\"@id\":\"https:\\\/\\\/ssb-hagen.de\\\/#website\"},\"primaryImageOfPage\":{\"@id\":\"https:\\\/\\\/ssb-hagen.de\\\/index.php\\\/impressum-2\\\/#primaryimage\"},\"image\":{\"@id\":\"https:\\\/\\\/ssb-hagen.de\\\/index.php\\\/impressum-2\\\/#primaryimage\"},\"thumbnailUrl\":\"https:\\\/\\\/ssb-hagen.de\\\/wp-content\\\/uploads\\\/2022\\\/07\\\/news-default.jpg\",\"datePublished\":\"2022-07-05T09:49:27+00:00\",\"dateModified\":\"2024-06-04T09:14:01+00:00\",\"breadcrumb\":{\"@id\":\"https:\\\/\\\/ssb-hagen.de\\\/index.php\\\/impressum-2\\\/#breadcrumb\"},\"inLanguage\":\"de\",\"potentialAction\":[{\"@type\":\"ReadAction\",\"target\":[\"https:\\\/\\\/ssb-hagen.de\\\/index.php\\\/impressum-2\\\/\"]}]},{\"@type\":\"ImageObject\",\"inLanguage\":\"de\",\"@id\":\"https:\\\/\\\/ssb-hagen.de\\\/index.php\\\/impressum-2\\\/#primaryimage\",\"url\":\"https:\\\/\\\/ssb-hagen.de\\\/wp-content\\\/uploads\\\/2022\\\/07\\\/news-default.jpg\",\"contentUrl\":\"https:\\\/\\\/ssb-hagen.de\\\/wp-content\\\/uploads\\\/2022\\\/07\\\/news-default.jpg\",\"width\":1024,\"height\":768},{\"@type\":\"BreadcrumbList\",\"@id\":\"https:\\\/\\\/ssb-hagen.de\\\/index.php\\\/impressum-2\\\/#breadcrumb\",\"itemListElement\":[{\"@type\":\"ListItem\",\"position\":1,\"name\":\"Startseite\",\"item\":\"https:\\\/\\\/ssb-hagen.de\\\/\"},{\"@type\":\"ListItem\",\"position\":2,\"name\":\"Impressum\"}]},{\"@type\":\"WebSite\",\"@id\":\"https:\\\/\\\/ssb-hagen.de\\\/#website\",\"url\":\"https:\\\/\\\/ssb-hagen.de\\\/\",\"name\":\"Stadtsportbund Hagen e.V.\",\"description\":\"Just another WordPress site\",\"publisher\":{\"@id\":\"https:\\\/\\\/ssb-hagen.de\\\/#organization\"},\"potentialAction\":[{\"@type\":\"SearchAction\",\"target\":{\"@type\":\"EntryPoint\",\"urlTemplate\":\"https:\\\/\\\/ssb-hagen.de\\\/?s={search_term_string}\"},\"query-input\":{\"@type\":\"PropertyValueSpecification\",\"valueRequired\":true,\"valueName\":\"search_term_string\"}}],\"inLanguage\":\"de\"},{\"@type\":\"Organization\",\"@id\":\"https:\\\/\\\/ssb-hagen.de\\\/#organization\",\"name\":\"Stadtsportbund Hagen e.V.\",\"url\":\"https:\\\/\\\/ssb-hagen.de\\\/\",\"logo\":{\"@type\":\"ImageObject\",\"inLanguage\":\"de\",\"@id\":\"https:\\\/\\\/ssb-hagen.de\\\/#\\\/schema\\\/logo\\\/image\\\/\",\"url\":\"https:\\\/\\\/ssb-hagen.de\\\/wp-content\\\/uploads\\\/2022\\\/07\\\/cropped-favicon_ssb-Hagen.png\",\"contentUrl\":\"https:\\\/\\\/ssb-hagen.de\\\/wp-content\\\/uploads\\\/2022\\\/07\\\/cropped-favicon_ssb-Hagen.png\",\"width\":512,\"height\":512,\"caption\":\"Stadtsportbund Hagen e.V.\"},\"image\":{\"@id\":\"https:\\\/\\\/ssb-hagen.de\\\/#\\\/schema\\\/logo\\\/image\\\/\"},\"sameAs\":[\"https:\\\/\\\/www.facebook.com\\\/profile.php?id=100066611322930\"]}]}<\/script>\n<!-- \/ Yoast SEO plugin. -->","yoast_head_json":{"title":"Impressum - Stadtsportbund Hagen","robots":{"index":"index","follow":"follow","max-snippet":"max-snippet:-1","max-image-preview":"max-image-preview:large","max-video-preview":"max-video-preview:-1"},"canonical":"https:\/\/ssb-hagen.de\/index.php\/impressum-2\/","og_locale":"de_DE","og_type":"article","og_title":"Impressum - Stadtsportbund Hagen","og_description":"Sport in Hagen Impressum Inhaltlich verantwortlich gem\u00e4\u00df \u00a75 TMG:Andr\u00e9 S\u00e4nger (Vorsitzender) Stadtsportbund Hagen e.V.Freiheitstra\u00dfe 3D-58119 HagenTelefon: +49 2331-207-5107Fax: +49 2334 &#8211; 4452195E-Mail:\u00a0info@ssb-hagen.deVereinsregisternummer: 827Amtsgericht Hagen Sportjugend im\u00a0Stadtsportbund HagenFreiheitstra\u00dfe 3D-58119 HagenTelefon: +49 [&hellip;]","og_url":"https:\/\/ssb-hagen.de\/index.php\/impressum-2\/","og_site_name":"Stadtsportbund Hagen","article_publisher":"https:\/\/www.facebook.com\/profile.php?id=100066611322930","article_modified_time":"2024-06-04T09:14:01+00:00","og_image":[{"width":1024,"height":768,"url":"https:\/\/ssb-hagen.de\/wp-content\/uploads\/2022\/07\/news-default.jpg","type":"image\/jpeg"}],"twitter_card":"summary_large_image","twitter_misc":{"Gesch\u00e4tzte Lesezeit":"2\u00a0Minuten"},"schema":{"@context":"https:\/\/schema.org","@graph":[{"@type":"WebPage","@id":"https:\/\/ssb-hagen.de\/index.php\/impressum-2\/","url":"https:\/\/ssb-hagen.de\/index.php\/impressum-2\/","name":"Impressum - Stadtsportbund Hagen","isPartOf":{"@id":"https:\/\/ssb-hagen.de\/#website"},"primaryImageOfPage":{"@id":"https:\/\/ssb-hagen.de\/index.php\/impressum-2\/#primaryimage"},"image":{"@id":"https:\/\/ssb-hagen.de\/index.php\/impressum-2\/#primaryimage"},"thumbnailUrl":"https:\/\/ssb-hagen.de\/wp-content\/uploads\/2022\/07\/news-default.jpg","datePublished":"2022-07-05T09:49:27+00:00","dateModified":"2024-06-04T09:14:01+00:00","breadcrumb":{"@id":"https:\/\/ssb-hagen.de\/index.php\/impressum-2\/#breadcrumb"},"inLanguage":"de","potentialAction":[{"@type":"ReadAction","target":["https:\/\/ssb-hagen.de\/index.php\/impressum-2\/"]}]},{"@type":"ImageObject","inLanguage":"de","@id":"https:\/\/ssb-hagen.de\/index.php\/impressum-2\/#primaryimage","url":"https:\/\/ssb-hagen.de\/wp-content\/uploads\/2022\/07\/news-default.jpg","contentUrl":"https:\/\/ssb-hagen.de\/wp-content\/uploads\/2022\/07\/news-default.jpg","width":1024,"height":768},{"@type":"BreadcrumbList","@id":"https:\/\/ssb-hagen.de\/index.php\/impressum-2\/#breadcrumb","itemListElement":[{"@type":"ListItem","position":1,"name":"Startseite","item":"https:\/\/ssb-hagen.de\/"},{"@type":"ListItem","position":2,"name":"Impressum"}]},{"@type":"WebSite","@id":"https:\/\/ssb-hagen.de\/#website","url":"https:\/\/ssb-hagen.de\/","name":"Stadtsportbund Hagen e.V.","description":"Just another WordPress site","publisher":{"@id":"https:\/\/ssb-hagen.de\/#organization"},"potentialAction":[{"@type":"SearchAction","target":{"@type":"EntryPoint","urlTemplate":"https:\/\/ssb-hagen.de\/?s={search_term_string}"},"query-input":{"@type":"PropertyValueSpecification","valueRequired":true,"valueName":"search_term_string"}}],"inLanguage":"de"},{"@type":"Organization","@id":"https:\/\/ssb-hagen.de\/#organization","name":"Stadtsportbund Hagen e.V.","url":"https:\/\/ssb-hagen.de\/","logo":{"@type":"ImageObject","inLanguage":"de","@id":"https:\/\/ssb-hagen.de\/#\/schema\/logo\/image\/","url":"https:\/\/ssb-hagen.de\/wp-content\/uploads\/2022\/07\/cropped-favicon_ssb-Hagen.png","contentUrl":"https:\/\/ssb-hagen.de\/wp-content\/uploads\/2022\/07\/cropped-favicon_ssb-Hagen.png","width":512,"height":512,"caption":"Stadtsportbund Hagen e.V."},"image":{"@id":"https:\/\/ssb-hagen.de\/#\/schema\/logo\/image\/"},"sameAs":["https:\/\/www.facebook.com\/profile.php?id=100066611322930"]}]}},"_links":{"self":[{"href":"https:\/\/ssb-hagen.de\/index.php\/wp-json\/wp\/v2\/pages\/3149","targetHints":{"allow":["GET"]}}],"collection":[{"href":"https:\/\/ssb-hagen.de\/index.php\/wp-json\/wp\/v2\/pages"}],"about":[{"href":"https:\/\/ssb-hagen.de\/index.php\/wp-json\/wp\/v2\/types\/page"}],"author":[{"embeddable":true,"href":"https:\/\/ssb-hagen.de\/index.php\/wp-json\/wp\/v2\/users\/1"}],"replies":[{"embeddable":true,"href":"https:\/\/ssb-hagen.de\/index.php\/wp-json\/wp\/v2\/comments?post=3149"}],"version-history":[{"count":22,"href":"https:\/\/ssb-hagen.de\/index.php\/wp-json\/wp\/v2\/pages\/3149\/revisions"}],"predecessor-version":[{"id":6251,"href":"https:\/\/ssb-hagen.de\/index.php\/wp-json\/wp\/v2\/pages\/3149\/revisions\/6251"}],"wp:featuredmedia":[{"embeddable":true,"href":"https:\/\/ssb-hagen.de\/index.php\/wp-json\/wp\/v2\/media\/3236"}],"wp:attachment":[{"href":"https:\/\/ssb-hagen.de\/index.php\/wp-json\/wp\/v2\/media?parent=3149"}],"curies":[{"name":"wp","href":"https:\/\/api.w.org\/{rel}","templated":true}]}}